{"id":24,"date":"2019-10-01T13:38:25","date_gmt":"2019-10-01T11:38:25","guid":{"rendered":"https:\/\/charpentelaubertine.fr\/?page_id=24"},"modified":"2019-10-23T15:53:00","modified_gmt":"2019-10-23T13:53:00","slug":"bibliographie","status":"publish","type":"page","link":"https:\/\/charpentelaubertine.fr\/?page_id=24","title":{"rendered":"R\u00e9f\u00e9rence"},"content":{"rendered":"\n<h2>R\u00e9f\u00e9rence livresque<\/h2>\n\n\n\n<p><a href=\"https:\/\/rfcp.fr\/la-boutique\/\" target=\"_blank\" rel=\"noreferrer noopener\" aria-label=\" (s\u2019ouvre dans un nouvel onglet)\">Lien boutique RFCP<\/a><\/p>\n\n\n\n<p><a href=\"https:\/\/boutique.terrevivante.org\/1627-livres-habitat-ecologique.htm\" target=\"_blank\" rel=\"noreferrer noopener\" aria-label=\" (s\u2019ouvre dans un nouvel onglet)\">Lien boutique \u00e9dition terre vivante<\/a><\/p>\n\n\n\n<p><a href=\"https:\/\/www.lalibrairie.com\/livres\/batir-en-terre--du-grain-de-sable-a-l-architecture_0-539576_9782701152042.html\" target=\"_blank\" rel=\"noreferrer noopener\" aria-label=\" (s\u2019ouvre dans un nouvel onglet)\">Lien lalibrairie.com<\/a><\/p>\n\n\n\n<ul><li> <span style=\"text-decoration: underline;\"><a rel=\"noreferrer noopener\" aria-label=\"B\u00e2tir en paille (s\u2019ouvre dans un nouvel onglet)\" href=\"https:\/\/rfcp.fr\/la-boutique\/\" target=\"_blank\">B\u00e2tir en paille<\/a><\/span> de Andr\u00e9 de Bouter<\/li><li> <span style=\"text-decoration: underline;\"><a rel=\"noreferrer noopener\" aria-label=\"La conception bioclimatique (s\u2019ouvre dans un nouvel onglet)\" href=\"https:\/\/boutique.terrevivante.org\/1627-livres-habitat-ecologique.htm\" target=\"_blank\">La conception bioclimatique<\/a><\/span> de Samuel Courgey et Jean-Pierre Oliva<\/li><li> <span style=\"text-decoration: underline;\"><a rel=\"noreferrer noopener\" aria-label=\" (s\u2019ouvre dans un nouvel onglet)\" href=\"https:\/\/rfcp.fr\/la-boutique\/\" target=\"_blank\">La construction paille<\/a><\/span> de Luc Floissac<\/li><li> <span style=\"text-decoration: underline;\"><a rel=\"noreferrer noopener\" aria-label=\" (s\u2019ouvre dans un nouvel onglet)\" href=\"https:\/\/rfcp.fr\/la-boutique\/\" target=\"_blank\">Technique de construction en paille<\/a><\/span> de Eddy Fruchard et Virginie Piaud<\/li><li> <span style=\"text-decoration: underline;\"><a href=\"https:\/\/rfcp.fr\/la-boutique\/\" target=\"_blank\" rel=\"noreferrer noopener\" aria-label=\" (s\u2019ouvre dans un nouvel onglet)\">R\u00e8gles professionnelles de construction en paille<\/a><\/span> 2\u00e8 \u00e9dition du RFCP (R\u00e9seau Fran\u00e7ais de la Construction Paille)<\/li><li> <span style=\"text-decoration: underline;\"><a rel=\"noreferrer noopener\" aria-label=\"L\u2019isolation \u00e9cologique (s\u2019ouvre dans un nouvel onglet)\" href=\"https:\/\/boutique.terrevivante.org\/1627-livres-habitat-ecologique.htm\" target=\"_blank\">L\u2019isolation \u00e9cologique<\/a><\/span> de Jean-Pierre Oliva<\/li><li> <span style=\"text-decoration: underline;\"><a rel=\"noreferrer noopener\" aria-label=\"Construire en terre all\u00e9g\u00e9e (s\u2019ouvre dans un nouvel onglet)\" href=\"https:\/\/www.eyrolles.com\/Loisirs\/Livre\/construire-en-terre-allegee-9782330050504\/\" target=\"_blank\">Construire en terre all\u00e9g\u00e9e<\/a><\/span> de Franz Volhard<\/li><li> <span style=\"text-decoration: underline;\"><a rel=\"noreferrer noopener\" aria-label=\" (s\u2019ouvre dans un nouvel onglet)\" href=\"https:\/\/www.lalibrairie.com\/livres\/batir-en-terre--du-grain-de-sable-a-l-architecture_0-539576_9782701152042.html\" target=\"_blank\">B\u00e2tir en terre<\/a><\/span> de Laetitia Fontaine et Romain Anger<\/li><\/ul>\n\n\n\n<h2>R\u00e9f\u00e9rence site internet &#8211; partenaires<\/h2>\n\n\n\n<ul><li> &#8211; <a rel=\"noreferrer noopener\" aria-label=\" (s\u2019ouvre dans un nouvel onglet)\" href=\"https:\/\/rfcp.fr\/\" target=\"_blank\">https:\/\/rfcp.fr\/<\/a><\/li><li> &#8211; <a rel=\"noreferrer noopener\" aria-label=\" (s\u2019ouvre dans un nouvel onglet)\" href=\"https:\/\/armorique.constructionpaille.fr\/\" target=\"_blank\">https:\/\/armorique.constructionpaille.fr\/<\/a><\/li><li> &#8211; <a rel=\"noreferrer noopener\" aria-label=\" (s\u2019ouvre dans un nouvel onglet)\" href=\"https:\/\/lapaillotelaubertine.wixsite.com\/lapaillotelaubertine\" target=\"_blank\">https:\/\/lapaillotelaubertine.wixsite.com\/lapaillotelaubertine<\/a><\/li><li>&#8211; <a href=\"http:\/\/www.artdemains.com\/\" target=\"_blank\" rel=\"noreferrer noopener\" aria-label=\" (s\u2019ouvre dans un nouvel onglet)\">http:\/\/www.artdemains.com\/<\/a><\/li><\/ul>\n","protected":false},"excerpt":{"rendered":"<p>R\u00e9f\u00e9rence livresque Lien boutique RFCP Lien boutique \u00e9dition terre vivante Lien lalibrairie.com B\u00e2tir en paille de Andr\u00e9 de Bouter La [&hellip;]<\/p>\n","protected":false},"author":1,"featured_media":0,"parent":0,"menu_order":0,"comment_status":"closed","ping_status":"closed","template":"page_fullwidth.php","meta":{"ngg_post_thumbnail":0},"_links":{"self":[{"href":"https:\/\/charpentelaubertine.fr\/index.php?rest_route=\/wp\/v2\/pages\/24"}],"collection":[{"href":"https:\/\/charpentelaubertine.fr\/index.php?rest_route=\/wp\/v2\/pages"}],"about":[{"href":"https:\/\/charpentelaubertine.fr\/index.php?rest_route=\/wp\/v2\/types\/page"}],"author":[{"embeddable":true,"href":"https:\/\/charpentelaubertine.fr\/index.php?rest_route=\/wp\/v2\/users\/1"}],"replies":[{"embeddable":true,"href":"https:\/\/charpentelaubertine.fr\/index.php?rest_route=%2Fwp%2Fv2%2Fcomments&post=24"}],"version-history":[{"count":6,"href":"https:\/\/charpentelaubertine.fr\/index.php?rest_route=\/wp\/v2\/pages\/24\/revisions"}],"predecessor-version":[{"id":843,"href":"https:\/\/charpentelaubertine.fr\/index.php?rest_route=\/wp\/v2\/pages\/24\/revisions\/843"}],"wp:attachment":[{"href":"https:\/\/charpentelaubertine.fr\/index.php?rest_route=%2Fwp%2Fv2%2Fmedia&parent=24"}],"curies":[{"name":"wp","href":"https:\/\/api.w.org\/{rel}","templated":true}]}}