{"id":26,"date":"2019-10-01T13:39:00","date_gmt":"2019-10-01T11:39:00","guid":{"rendered":"https:\/\/charpentelaubertine.fr\/?page_id=26"},"modified":"2023-01-02T14:16:48","modified_gmt":"2023-01-02T13:16:48","slug":"nous-contacter","status":"publish","type":"page","link":"https:\/\/charpentelaubertine.fr\/?page_id=26","title":{"rendered":"NOUS CONTACTER"},"content":{"rendered":"\n<h2 id=\"ancre-fo\">Formulaire<\/h2>\n\n\n\t\t\t<link rel=\"stylesheet\" property=\"stylesheet\" href=\"https:\/\/charpentelaubertine.fr\/wp-content\/plugins\/happyforms\/inc\/core\/assets\/css\/layout.css?1.8.16\" \/>\n\t\t\t\t\t\t<link rel=\"stylesheet\" property=\"stylesheet\" href=\"https:\/\/charpentelaubertine.fr\/wp-content\/plugins\/happyforms\/inc\/core\/assets\/css\/color.css?1.8.16\" \/>\n\t\t\t\t<!-- HappyForms CSS variables -->\n\t<style>\n\t#happyforms-72 {\n\t\t--happyforms-form-width: 100;\n--happyforms-form-title-font-size: 32px;\n--happyforms-part-title-font-size: 16px;\n--happyforms-part-description-font-size: 14px;\n--happyforms-part-value-font-size: 16px;\n--happyforms-submit-button-font-size: 18px;\n--happyforms-color-primary: #000000;\n--happyforms-color-success-notice: #ebf9f0;\n--happyforms-color-success-notice-text: #1eb452;\n--happyforms-color-error: #ff4200;\n--happyforms-color-error-notice: #ffeae5;\n--happyforms-color-error-notice-text: #ff4200;\n--happyforms-color-part-title: #000000;\n--happyforms-color-part-value: #000000;\n--happyforms-color-part-placeholder: #888888;\n--happyforms-color-part-border: #dbdbdb;\n--happyforms-color-part-border-focus: #407fff;\n--happyforms-color-part-background: #ffffff;\n--happyforms-color-part-background-focus: #ffffff;\n--happyforms-color-submit-background: #e08b35;\n--happyforms-color-submit-background-hover: #d8cd00;\n--happyforms-color-submit-border: transparent;\n--happyforms-color-submit-text: #ffffff;\n--happyforms-color-submit-text-hover: #ffffff;\n--happyforms-color-rating: #cccccc;\n--happyforms-color-rating-hover: #f39c00;\n--happyforms-color-rating-bg: #efefef;\n--happyforms-color-rating-bg-hover: #407fff;\n--happyforms-color-table-row-odd: #fcfcfc;\n--happyforms-color-table-row-even: #efefef;\n--happyforms-color-table-row-odd-text: #000000;\n--happyforms-color-table-row-even-text: #000000;\n--happyforms-color-choice-checkmark-bg: #ffffff;\n--happyforms-color-choice-checkmark-bg-focus: #000000;\n--happyforms-color-choice-checkmark-color: #ffffff;\n--happyforms-color-dropdown-item-bg: #ffffff;\n--happyforms-color-dropdown-item-text: #000000;\n--happyforms-color-dropdown-item-bg-hover: #dbdbdb;\n--happyforms-color-dropdown-item-text-hover: #000000;\n\t}\n\t<\/style>\n\t<!-- End of HappyForms CSS variables -->\n\t<div class=\"happyforms-form happyforms-styles happyforms-form--hide-title\" id=\"happyforms-72\">\n\t<h3 class=\"happyforms-form__title\">Formulaire de contact<\/h3>\n\t<form action=\"\" id=\"happyforms-form-72\" method=\"post\" >\n\t\t\n\t\t\t<input type=\"hidden\" name=\"action\" value=\"happyforms_message\">\n\t\t\t\t<input type=\"hidden\" name=\"happyforms_form_id\" value=\"72\" \/>\n\t\t\t<input type=\"hidden\" id=\"happyforms_message_nonce\" name=\"happyforms_message_nonce\" value=\"b490e57eeb\" \/><input type=\"hidden\" name=\"_wp_http_referer\" value=\"\/index.php?rest_route=%2Fwp%2Fv2%2Fpages%2F26\" \/>\t\t\t<input type=\"hidden\" name=\"happyforms_step\" value=\"0\" \/>\n\t\n\t\t<div class=\"happyforms-flex\">\n\t\t\t\t\t\t\t<label>\n\t\t<input type=\"checkbox\" name=\"72single_line_text_-1\" value=\"1\" style=\"display: none;\" tabindex=\"-1\" autocomplete=\"off\"> <span class=\"screen-reader-text\">Spam protection, skip this field<\/span>\n\t<\/label>\n\t\t\t\t\t\t\t\t\t\t<div class=\"happyforms-part-select--required happyforms-form__part happyforms-part happyforms-part--select happyforms-part--width-full happyforms-part--label-above\" id=\"happyforms-72_select_1-part\" data-happyforms-type=\"select\" data-happyforms-id=\"select_1\" data-happyforms-required=\"\">\n\t<div class=\"happyforms-part-wrap\">\n\t\t\t<label for=\"happyforms-72_select_1\" class=\"happyforms-part__label\">\n\t\t<span class=\"label\">Vous \u00eates<\/span>\n\t\t\t\t\t\t\t<span class=\"happyforms-optional\">(optional)<\/span>\n\t\t\t<\/label>\n\t\n\t\t\n\t\t<div class=\"happyforms-part__el\">\n\t\t\t\t\t\t<div class=\"happyforms-custom-select\">\n\t\t\t\t<div class=\"happyforms-part__select-wrap\">\n\t\t\t\t\t<input type=\"hidden\" name=\"72_select_1\" value=\"\" data-serialize \/>\n\n\t\t\t\t\t<input id=\"happyforms-72_select_1\" type=\"text\" value=\"\" placeholder=\"\" data-searchable=\"false\" autocomplete=\"off\"  \/>\n\n\t\t\t\t\t<ul class=\"happyforms-custom-select-dropdown\">\n\t<li class=\"happyforms-custom-select-dropdown__placeholder\" data-value=\"\"><\/li>\n\t\t\t<li data-option-id=\"select_1_option_1\" data-value=\"0\" data-label=\"Particulier\" class=\"happyforms-dropdown-item happyforms-custom-select-dropdown__item\">Particulier<\/li>\n\t\t\t<li data-option-id=\"select_1_option_2\" data-value=\"1\" data-label=\"Auto-constructeur\" class=\"happyforms-dropdown-item happyforms-custom-select-dropdown__item\">Auto-constructeur<\/li>\n\t\t\t<li data-option-id=\"select_1_option_3\" data-value=\"2\" data-label=\"Architecte, ma\u00eetre d&#039;oeuvre\" class=\"happyforms-dropdown-item happyforms-custom-select-dropdown__item\">Architecte, ma\u00eetre d&#039;oeuvre<\/li>\n\t\t\t<li data-option-id=\"select_1_option_4\" data-value=\"3\" data-label=\"Charpentier, travailleur ind\u00e9pendant\" class=\"happyforms-dropdown-item happyforms-custom-select-dropdown__item\">Charpentier, travailleur ind\u00e9pendant<\/li>\n\t\t\t<li data-option-id=\"select_1_option_5\" data-value=\"4\" data-label=\"Int\u00e9rimaire, stagiaire\" class=\"happyforms-dropdown-item happyforms-custom-select-dropdown__item\">Int\u00e9rimaire, stagiaire<\/li>\n\t<\/ul>\t\t\t\t<\/div>\n\t\t\t<\/div>\n\n\t\t\t\n\t\t\t\t\t\t<span class=\"happyforms-part__description\"><\/span>\n\t\t\t\t\t\t<\/div>\n\t<\/div>\n<\/div><div class=\"happyforms-part-select--required happyforms-form__part happyforms-part happyforms-part--select happyforms-part--width-full happyforms-part--label-above\" id=\"happyforms-72_select_3-part\" data-happyforms-type=\"select\" data-happyforms-id=\"select_3\" data-happyforms-required=\"\">\n\t<div class=\"happyforms-part-wrap\">\n\t\t\t<label for=\"happyforms-72_select_3\" class=\"happyforms-part__label\">\n\t\t<span class=\"label\">Biais de contact<\/span>\n\t\t\t\t\t\t\t<span class=\"happyforms-optional\">(optional)<\/span>\n\t\t\t<\/label>\n\t\n\t\t\n\t\t<div class=\"happyforms-part__el\">\n\t\t\t\t\t\t<div class=\"happyforms-custom-select\">\n\t\t\t\t<div class=\"happyforms-part__select-wrap\">\n\t\t\t\t\t<input type=\"hidden\" name=\"72_select_3\" value=\"\" data-serialize \/>\n\n\t\t\t\t\t<input id=\"happyforms-72_select_3\" type=\"text\" value=\"\" placeholder=\"\" data-searchable=\"false\" autocomplete=\"off\"  \/>\n\n\t\t\t\t\t<ul class=\"happyforms-custom-select-dropdown\">\n\t<li class=\"happyforms-custom-select-dropdown__placeholder\" data-value=\"\"><\/li>\n\t\t\t<li data-option-id=\"select_3_option_1\" data-value=\"0\" data-label=\"Bouche \u00e0 oreille\" class=\"happyforms-dropdown-item happyforms-custom-select-dropdown__item\">Bouche \u00e0 oreille<\/li>\n\t\t\t<li data-option-id=\"select_3_option_2\" data-value=\"1\" data-label=\"Portes ouvertes\" class=\"happyforms-dropdown-item happyforms-custom-select-dropdown__item\">Portes ouvertes<\/li>\n\t\t\t<li data-option-id=\"select_3_option_3\" data-value=\"2\" data-label=\"Recherche internet\" class=\"happyforms-dropdown-item happyforms-custom-select-dropdown__item\">Recherche internet<\/li>\n\t\t\t<li data-option-id=\"select_3_option_4\" data-value=\"3\" data-label=\"Architecte - ma\u00eetre d&#039;oeuvre\" class=\"happyforms-dropdown-item happyforms-custom-select-dropdown__item\">Architecte &#8211; ma\u00eetre d&#039;oeuvre<\/li>\n\t\t\t<li data-option-id=\"select_3_option_5\" data-value=\"4\" data-label=\"Entreprise de charpente\" class=\"happyforms-dropdown-item happyforms-custom-select-dropdown__item\">Entreprise de charpente<\/li>\n\t<\/ul>\t\t\t\t<\/div>\n\t\t\t<\/div>\n\n\t\t\t\n\t\t\t\t\t\t<span class=\"happyforms-part__description\"><\/span>\n\t\t\t\t\t\t<\/div>\n\t<\/div>\n<\/div><div class=\"happyforms-part--with-autocomplete happyforms-form__part happyforms-part happyforms-part--email happyforms-part--width-full happyforms-part--label-above\" id=\"happyforms-72_email_4-part\" data-mode=\"autocomplete\" data-happyforms-type=\"email\" data-happyforms-id=\"email_4\" data-happyforms-required=\"\">\n\t<div class=\"happyforms-part-wrap\">\n\t\t\t\t\t\t<label for=\"happyforms-72_email_4\" class=\"happyforms-part__label\">\n\t\t<span class=\"label\">Email<\/span>\n\t\t\t\t\t\t\t<span class=\"happyforms-optional\">(optional)<\/span>\n\t\t\t<\/label>\n\t\t\t\n\t\t<div class=\"happyforms-part__el\">\n\t\t\t\n\t\t\t\t\t\t\t<input type=\"hidden\" name=\"72_email_4\" value=\"\" data-serialize \/>\n\n\t\t\t\t<input type=\"email\" name=\"happyforms-72_email_4_dummy_1776676551\" id=\"happyforms-72_email_4\" value=\"\" autocomplete=\"none\" placeholder=\"\"  \/>\n\t\t\t\t\t\t\n\t\t\t<ul class=\"happyforms-custom-select-dropdown\">\n\t<li class=\"happyforms-custom-select-dropdown__placeholder\" data-value=\"\"><\/li>\n\t<\/ul>\n\t\t\t\t\t\t<span class=\"happyforms-part__description\"><\/span>\n\t\t\t\t\n\t\t\t\t\t<\/div>\n\t<\/div>\n\t<\/div><div class=\"happyforms-form__part happyforms-part happyforms-part--single_line_text happyforms-part--width-full happyforms-part--label-above\" id=\"happyforms-72_single_line_text_5-part\" data-happyforms-type=\"single_line_text\" data-happyforms-id=\"single_line_text_5\" data-happyforms-required=\"\">\n\t<div class=\"happyforms-part-wrap\">\n\t\t\t\t\t\t<label for=\"happyforms-72_single_line_text_5\" class=\"happyforms-part__label\">\n\t\t<span class=\"label\">Nom, Pr\u00e9nom, Adresse projet<\/span>\n\t\t\t\t\t\t\t<span class=\"happyforms-optional\">(optional)<\/span>\n\t\t\t<\/label>\n\t\t\t\n\t\t<div class=\"happyforms-part__el\">\n\t\t\t\n\t\t\t<input id=\"happyforms-72_single_line_text_5\" type=\"text\" name=\"72_single_line_text_5\" value=\"\" placeholder=\"\"  \/>\n\t\t\t\n\t\t\t\n\t\t\t\t\t\t<span class=\"happyforms-part__description\"><\/span>\n\t\n\t\t\t\t\t<\/div>\n\t<\/div>\n<\/div><div class=\"happyforms-form__part happyforms-part happyforms-part--number happyforms-part--width-full happyforms-part--label-above\" id=\"happyforms-72_number_6-part\" data-happyforms-type=\"number\" data-happyforms-id=\"number_6\">\n\t<div class=\"happyforms-part-wrap\">\n\t\t\t\t\t\t<label for=\"happyforms-72_number_6\" class=\"happyforms-part__label\">\n\t\t<span class=\"label\">Num\u00e9ro de t\u00e9l\u00e9phone<\/span>\n\t\t\t\t\t\t\t<span class=\"happyforms-optional\">(optional)<\/span>\n\t\t\t<\/label>\n\t\t\t\n\t\t<div class=\"happyforms-part__el\">\n\t\t\t\n\t\t\t\t\t\t\t<input id=\"happyforms-72_number_6\" type=\"number\" value=\"\" name=\"72_number_6\" placeholder=\"\" min=\"0\" max=\"10\" value=\"0\"  \/>\n\t\t\t\n\t\t\t\n\t\t\t\t\t\t\t\t\t<span class=\"happyforms-part__description\"><\/span>\n\t\t\t\t\t\t<\/div>\n\t<\/div>\n\t<\/div><div class=\"happyforms-form__part happyforms-part happyforms-part--multi_line_text happyforms-part--width-full happyforms-part--label-above\" id=\"happyforms-72_multi_line_text_2-part\" data-happyforms-type=\"multi_line_text\" data-happyforms-id=\"multi_line_text_2\" data-happyforms-required=\"\">\n\t<div class=\"happyforms-part-wrap\">\n\t\t\t\t\t\t<label for=\"happyforms-72_multi_line_text_2\" class=\"happyforms-part__label\">\n\t\t<span class=\"label\">Votre message:<\/span>\n\t\t\t\t\t\t\t<span class=\"happyforms-optional\">(optional)<\/span>\n\t\t\t<\/label>\n\t\t\t\n\t\t<div class=\"happyforms-part__el\">\n\t\t\t\n\t\t\t<textarea id=\"happyforms-72_multi_line_text_2\" name=\"72_multi_line_text_2\" rows=\"5\" placeholder=\"\" ><\/textarea>\n\t\t\t\n\t\t\t\n\t\t\t\t\t\t<span class=\"happyforms-part__description\"><\/span>\n\t\n\t\t\t\t\t<\/div>\n\t<\/div>\n<\/div>\t\t\t\t\t\t<div class=\"happyforms-form__part happyforms-part happyforms-part--submit\">\n\t\t<input type=\"submit\" class=\"happyforms-submit happyforms-button--submit \" value=\"Envoyer\">\n\t<\/div>\t\t<\/div>\n\n\t\t\t<\/form>\n\n\t<\/div>\n\n\n<div class=\"is-layout-flex wp-container-3 wp-block-columns has-2-columns\">\n<div class=\"is-layout-flow wp-block-column\">\n<iframe loading=\"lazy\" src=\"https:\/\/www.google.com\/maps\/embed?pb=!1m18!1m12!1m3!1d342120.17010339885!2d-1.3644050124761797!3d47.93998477391705!2m3!1f0!2f0!3f0!3m2!1i1024!2i768!4f13.1!3m3!1m2!1s0x4808dc9c1c1beced%3A0xde2bf8ab0f12f6fa!2s2%20Rue%20d'Anjou%2C%2053540%20Laubri%C3%A8res!5e0!3m2!1sfr!2sfr!4v1571676259581!5m2!1sfr!2sfr\" style=\"border:0;\" allowfullscreen=\"\" width=\"600\" height=\"450\" frameborder=\"0\"><\/iframe>\n<\/div>\n\n\n\n<div class=\"is-layout-flow wp-block-column\">\n<h4><strong>Rayon d&rsquo;action:<\/strong> D\u00e9partements 53, 35, 44, 49.<\/h4>\n\n\n\n<figure class=\"wp-block-image is-resized\"><img decoding=\"async\" loading=\"lazy\" src=\"https:\/\/charpentelaubertine.fr\/wp-content\/uploads\/2019\/10\/CHARPENTE_LAUBERTINE_LOGO_COUL-1024x819.jpg\" alt=\"Logo couleur\" class=\"wp-image-670\" width=\"222\" height=\"177\" srcset=\"https:\/\/charpentelaubertine.fr\/wp-content\/uploads\/2019\/10\/CHARPENTE_LAUBERTINE_LOGO_COUL-1024x819.jpg 1024w, https:\/\/charpentelaubertine.fr\/wp-content\/uploads\/2019\/10\/CHARPENTE_LAUBERTINE_LOGO_COUL-300x240.jpg 300w, https:\/\/charpentelaubertine.fr\/wp-content\/uploads\/2019\/10\/CHARPENTE_LAUBERTINE_LOGO_COUL-768x615.jpg 768w, https:\/\/charpentelaubertine.fr\/wp-content\/uploads\/2019\/10\/CHARPENTE_LAUBERTINE_LOGO_COUL-750x600.jpg 750w, https:\/\/charpentelaubertine.fr\/wp-content\/uploads\/2019\/10\/CHARPENTE_LAUBERTINE_LOGO_COUL-400x320.jpg 400w, https:\/\/charpentelaubertine.fr\/wp-content\/uploads\/2019\/10\/CHARPENTE_LAUBERTINE_LOGO_COUL-430x344.jpg 430w, https:\/\/charpentelaubertine.fr\/wp-content\/uploads\/2019\/10\/CHARPENTE_LAUBERTINE_LOGO_COUL-150x120.jpg 150w, https:\/\/charpentelaubertine.fr\/wp-content\/uploads\/2019\/10\/CHARPENTE_LAUBERTINE_LOGO_COUL-100x80.jpg 100w, https:\/\/charpentelaubertine.fr\/wp-content\/uploads\/2019\/10\/CHARPENTE_LAUBERTINE_LOGO_COUL.jpg 1181w\" sizes=\"(max-width: 222px) 100vw, 222px\" \/><figcaption>ENTREPRISE DE CONSTRUCTION BOIS ET PAILLE <\/figcaption><\/figure>\n\n\n\n<ul><li>Contact g\u00e9rant : J\u00e9r\u00f4me SABIN<\/li><li>Num\u00e9ro : 06 47 87 96 36<\/li><li>Courriel : js@charpentelaubertine.fr<\/li><li>N\u00b0SIRET : 85357596700015<\/li><li>Statut juridique : E.U.R.L. CHARPENTE LAUBERTINE<\/li><li>Adresse si\u00e8ge sociale : 2 bis rue d&rsquo;Anjou &#8211; 53540 LAUBRI\u00c8RES<\/li><li>Adresse atelier de charpente : L&rsquo;Ermenaudi\u00e8re &#8211; 53390 LA ROUAUDI\u00c8RE<\/li><\/ul>\n\n\n\n<h4>Retrouvez-nous sur les r\u00e9seaux sociaux TWIZA et FACEBOOK : <\/h4>\n\n\n\n<ul><li><a rel=\"noreferrer noopener\" aria-label=\"https:\/\/charpente-laubertine.twiza.org\/ (s\u2019ouvre dans un nouvel onglet)\" href=\"https:\/\/charpente-laubertine.twiza.org\/\" target=\"_blank\">https:\/\/charpente-laubertine.twiza.org\/<\/a><\/li><li><a href=\"https:\/\/www.facebook.com\/charpentelaubertine\/\">https:\/\/www.facebook.com\/charpentelaubertine\/<\/a><\/li><\/ul>\n<\/div>\n<\/div>\n\n\n\n<div class=\"wp-block-image\"><figure class=\"aligncenter is-resized\"><a href=\"https:\/\/charpentelaubertine.fr\/?page_id=26#ancre-fo\"><img decoding=\"async\" loading=\"lazy\" src=\"https:\/\/charpentelaubertine.fr\/wp-content\/uploads\/2019\/10\/app-1646212_640.png\" alt=\"haut de page\" class=\"wp-image-789\" width=\"50\" height=\"50\" srcset=\"https:\/\/charpentelaubertine.fr\/wp-content\/uploads\/2019\/10\/app-1646212_640.png 640w, https:\/\/charpentelaubertine.fr\/wp-content\/uploads\/2019\/10\/app-1646212_640-150x150.png 150w, https:\/\/charpentelaubertine.fr\/wp-content\/uploads\/2019\/10\/app-1646212_640-300x300.png 300w, https:\/\/charpentelaubertine.fr\/wp-content\/uploads\/2019\/10\/app-1646212_640-400x400.png 400w, https:\/\/charpentelaubertine.fr\/wp-content\/uploads\/2019\/10\/app-1646212_640-430x430.png 430w, https:\/\/charpentelaubertine.fr\/wp-content\/uploads\/2019\/10\/app-1646212_640-100x100.png 100w\" sizes=\"(max-width: 50px) 100vw, 50px\" \/><\/a><\/figure><\/div>\n","protected":false},"excerpt":{"rendered":"<p>Formulaire Rayon d&rsquo;action: D\u00e9partements 53, 35, 44, 49. Contact g\u00e9rant : J\u00e9r\u00f4me SABIN Num\u00e9ro : 06 47 87 96 36 [&hellip;]<\/p>\n","protected":false},"author":1,"featured_media":0,"parent":0,"menu_order":0,"comment_status":"closed","ping_status":"closed","template":"page_fullwidth.php","meta":{"ngg_post_thumbnail":0},"_links":{"self":[{"href":"https:\/\/charpentelaubertine.fr\/index.php?rest_route=\/wp\/v2\/pages\/26"}],"collection":[{"href":"https:\/\/charpentelaubertine.fr\/index.php?rest_route=\/wp\/v2\/pages"}],"about":[{"href":"https:\/\/charpentelaubertine.fr\/index.php?rest_route=\/wp\/v2\/types\/page"}],"author":[{"embeddable":true,"href":"https:\/\/charpentelaubertine.fr\/index.php?rest_route=\/wp\/v2\/users\/1"}],"replies":[{"embeddable":true,"href":"https:\/\/charpentelaubertine.fr\/index.php?rest_route=%2Fwp%2Fv2%2Fcomments&post=26"}],"version-history":[{"count":22,"href":"https:\/\/charpentelaubertine.fr\/index.php?rest_route=\/wp\/v2\/pages\/26\/revisions"}],"predecessor-version":[{"id":1055,"href":"https:\/\/charpentelaubertine.fr\/index.php?rest_route=\/wp\/v2\/pages\/26\/revisions\/1055"}],"wp:attachment":[{"href":"https:\/\/charpentelaubertine.fr\/index.php?rest_route=%2Fwp%2Fv2%2Fmedia&parent=26"}],"curies":[{"name":"wp","href":"https:\/\/api.w.org\/{rel}","templated":true}]}}